{"id":465,"date":"2026-02-17T01:53:30","date_gmt":"2026-02-17T01:53:30","guid":{"rendered":"https:\/\/sarisbeautyinstitute.com\/?page_id=465"},"modified":"2026-03-16T02:35:42","modified_gmt":"2026-03-16T02:35:42","slug":"elementor-pagina-465","status":"publish","type":"page","link":"https:\/\/sarisbeautyinstitute.com\/en\/elementor-pagina-465\/","title":{"rendered":"SOBRE NOSOTROS"},"content":{"rendered":"<div data-elementor-type=\"wp-page\" data-elementor-id=\"465\" class=\"elementor elementor-465\" data-elementor-post-type=\"page\">\n\t\t\t\t<div class=\"elementor-element elementor-element-749d6780 elementor-hidden-mobile e-flex e-con-boxed e-con e-parent\" data-id=\"749d6780\" data-element_type=\"container\" data-e-type=\"container\" data-settings=\"{&quot;background_background&quot;:&quot;classic&quot;}\">\n\t\t\t\t\t<div class=\"e-con-inner\">\n\t\t<div class=\"elementor-element elementor-element-6e9cd9b2 e-con-full e-flex elementor-invisible e-con e-child\" data-id=\"6e9cd9b2\" data-element_type=\"container\" data-e-type=\"container\" data-settings=\"{&quot;animation&quot;:&quot;fadeInUp&quot;}\">\n\t\t\t\t<div class=\"elementor-element elementor-element-7cd6331 elementor-widget elementor-widget-spacer\" data-id=\"7cd6331\" data-element_type=\"widget\" data-e-type=\"widget\" data-widget_type=\"spacer.default\">\n\t\t\t\t\t\t\t<div class=\"elementor-spacer\">\n\t\t\t<div class=\"elementor-spacer-inner\"><\/div>\n\t\t<\/div>\n\t\t\t\t\t\t<\/div>\n\t\t\t\t<div class=\"elementor-element elementor-element-baaef5d elementor-hidden-mobile elementor-widget elementor-widget-heading\" data-id=\"baaef5d\" data-element_type=\"widget\" data-e-type=\"widget\" data-widget_type=\"heading.default\">\n\t\t\t\t\t<h2 class=\"elementor-heading-title elementor-size-default\">Aqui el talento se perfecciona a excelencia se convierte en identidad y los profesionales se transforman en l\u00edderes que dejan huella.<\/h2>\t\t\t\t<\/div>\n\t\t\t\t<div class=\"elementor-element elementor-element-4fcf367 elementor-widget elementor-widget-heading\" data-id=\"4fcf367\" data-element_type=\"widget\" data-e-type=\"widget\" data-widget_type=\"heading.default\">\n\t\t\t\t\t<h2 class=\"elementor-heading-title elementor-size-default\">\u2013 Sarita alvarez<\/h2>\t\t\t\t<\/div>\n\t\t\t\t<\/div>\n\t\t<div class=\"elementor-element elementor-element-59c0780 e-con-full e-flex elementor-invisible e-con e-child\" data-id=\"59c0780\" data-element_type=\"container\" data-e-type=\"container\" data-settings=\"{&quot;animation&quot;:&quot;fadeInUp&quot;}\">\n\t\t\t\t<div class=\"elementor-element elementor-element-d97613f elementor-widget elementor-widget-image\" data-id=\"d97613f\" data-element_type=\"widget\" data-e-type=\"widget\" data-widget_type=\"image.default\">\n\t\t\t\t\t\t\t\t\t\t\t\t\t\t\t<img fetchpriority=\"high\" decoding=\"async\" width=\"300\" height=\"300\" src=\"https:\/\/sarisbeautyinstitute.com\/wp-content\/uploads\/2026\/03\/cerri-300x300.png\" class=\"attachment-woocommerce_thumbnail size-woocommerce_thumbnail wp-image-1129\" alt=\"\" srcset=\"https:\/\/sarisbeautyinstitute.com\/wp-content\/uploads\/2026\/03\/cerri-300x300.png 300w, https:\/\/sarisbeautyinstitute.com\/wp-content\/uploads\/2026\/03\/cerri-100x100.png 100w, https:\/\/sarisbeautyinstitute.com\/wp-content\/uploads\/2026\/03\/cerri-600x600.png 600w, https:\/\/sarisbeautyinstitute.com\/wp-content\/uploads\/2026\/03\/cerri-150x150.png 150w, https:\/\/sarisbeautyinstitute.com\/wp-content\/uploads\/2026\/03\/cerri-12x12.png 12w, https:\/\/sarisbeautyinstitute.com\/wp-content\/uploads\/2026\/03\/cerri.png 637w\" sizes=\"(max-width: 300px) 100vw, 300px\" \/>\t\t\t\t\t\t\t\t\t\t\t\t\t\t\t<\/div>\n\t\t\t\t<\/div>\n\t\t\t\t\t<\/div>\n\t\t\t\t<\/div>\n\t\t<div class=\"elementor-element elementor-element-0e198ab elementor-hidden-desktop elementor-hidden-tablet e-flex e-con-boxed e-con e-parent\" data-id=\"0e198ab\" data-element_type=\"container\" data-e-type=\"container\" data-settings=\"{&quot;background_background&quot;:&quot;classic&quot;}\">\n\t\t\t\t\t<div class=\"e-con-inner\">\n\t\t<div class=\"elementor-element elementor-element-7374e2c e-con-full e-flex elementor-invisible e-con e-child\" data-id=\"7374e2c\" data-element_type=\"container\" data-e-type=\"container\" data-settings=\"{&quot;animation&quot;:&quot;fadeInUp&quot;}\">\n\t\t\t\t<div class=\"elementor-element elementor-element-cf5dd75 elementor-widget elementor-widget-spacer\" data-id=\"cf5dd75\" data-element_type=\"widget\" data-e-type=\"widget\" data-widget_type=\"spacer.default\">\n\t\t\t\t\t\t\t<div class=\"elementor-spacer\">\n\t\t\t<div class=\"elementor-spacer-inner\"><\/div>\n\t\t<\/div>\n\t\t\t\t\t\t<\/div>\n\t\t\t\t<div class=\"elementor-element elementor-element-4a4edbd elementor-widget elementor-widget-heading\" data-id=\"4a4edbd\" data-element_type=\"widget\" data-e-type=\"widget\" data-widget_type=\"heading.default\">\n\t\t\t\t\t<h2 class=\"elementor-heading-title elementor-size-default\">Aqui el talento se perfecciona a excelencia se convierte en identidad y los profesionales se transforman en l\u00edderes que dejan huella.<\/h2>\t\t\t\t<\/div>\n\t\t\t\t<div class=\"elementor-element elementor-element-2095208 elementor-widget elementor-widget-heading\" data-id=\"2095208\" data-element_type=\"widget\" data-e-type=\"widget\" data-widget_type=\"heading.default\">\n\t\t\t\t\t<h2 class=\"elementor-heading-title elementor-size-default\">\u2013 Sarita alvarez<\/h2>\t\t\t\t<\/div>\n\t\t\t\t<\/div>\n\t\t<div class=\"elementor-element elementor-element-96af98f e-con-full e-flex elementor-invisible e-con e-child\" data-id=\"96af98f\" data-element_type=\"container\" data-e-type=\"container\" data-settings=\"{&quot;animation&quot;:&quot;fadeInUp&quot;}\">\n\t\t\t\t<div class=\"elementor-element elementor-element-dab028d elementor-widget-mobile__width-initial elementor-widget elementor-widget-image\" data-id=\"dab028d\" data-element_type=\"widget\" data-e-type=\"widget\" data-widget_type=\"image.default\">\n\t\t\t\t\t\t\t\t\t\t\t\t\t\t\t<img fetchpriority=\"high\" decoding=\"async\" width=\"300\" height=\"300\" src=\"https:\/\/sarisbeautyinstitute.com\/wp-content\/uploads\/2026\/03\/cerri-300x300.png\" class=\"attachment-woocommerce_thumbnail size-woocommerce_thumbnail wp-image-1129\" alt=\"\" srcset=\"https:\/\/sarisbeautyinstitute.com\/wp-content\/uploads\/2026\/03\/cerri-300x300.png 300w, https:\/\/sarisbeautyinstitute.com\/wp-content\/uploads\/2026\/03\/cerri-100x100.png 100w, https:\/\/sarisbeautyinstitute.com\/wp-content\/uploads\/2026\/03\/cerri-600x600.png 600w, https:\/\/sarisbeautyinstitute.com\/wp-content\/uploads\/2026\/03\/cerri-150x150.png 150w, https:\/\/sarisbeautyinstitute.com\/wp-content\/uploads\/2026\/03\/cerri-12x12.png 12w, https:\/\/sarisbeautyinstitute.com\/wp-content\/uploads\/2026\/03\/cerri.png 637w\" sizes=\"(max-width: 300px) 100vw, 300px\" \/>\t\t\t\t\t\t\t\t\t\t\t\t\t\t\t<\/div>\n\t\t\t\t<\/div>\n\t\t\t\t\t<\/div>\n\t\t\t\t<\/div>\n\t\t<div class=\"elementor-element elementor-element-179d32c elementor-hidden-desktop elementor-hidden-tablet e-flex e-con-boxed e-con e-parent\" data-id=\"179d32c\" data-element_type=\"container\" data-e-type=\"container\" data-settings=\"{&quot;background_background&quot;:&quot;classic&quot;}\">\n\t\t\t\t\t<div class=\"e-con-inner\">\n\t\t<div class=\"elementor-element elementor-element-5da6f4d e-con-full e-flex e-con e-child\" data-id=\"5da6f4d\" data-element_type=\"container\" data-e-type=\"container\">\n\t\t<div class=\"elementor-element elementor-element-f5da63f e-con-full e-flex e-con e-child\" data-id=\"f5da63f\" data-element_type=\"container\" data-e-type=\"container\">\n\t\t\t\t<div class=\"elementor-element elementor-element-70fce94 elementor-vertical-align-top elementor-vertical-align-middle elementor-widget__width-initial elementor-widget elementor-widget-image-box\" data-id=\"70fce94\" data-element_type=\"widget\" data-e-type=\"widget\" data-widget_type=\"image-box.default\">\n\t\t\t\t\t<div class=\"elementor-image-box-wrapper\"><div class=\"elementor-image-box-content\"><h3 class=\"elementor-image-box-title\">NUESTRA VISI\u00d3N<\/h3><p class=\"elementor-image-box-description\">Posicionar a Sari\u2019s Beauty como el estudio de belleza premium l\u00edder en Queens, New\nYork, y como una academia luxury de referencia internacional, reconocida por su\nexcelente t\u00e9cnica, innovaci\u00f3n constante y formaci\u00f3n profesional de alto impacto.<\/p><\/div><\/div>\t\t\t\t<\/div>\n\t\t\t\t<div class=\"elementor-element elementor-element-3df5afc elementor-vertical-align-top elementor-vertical-align-middle elementor-widget elementor-widget-image-box\" data-id=\"3df5afc\" data-element_type=\"widget\" data-e-type=\"widget\" data-widget_type=\"image-box.default\">\n\t\t\t\t\t<div class=\"elementor-image-box-wrapper\"><div class=\"elementor-image-box-content\"><h3 class=\"elementor-image-box-title\">NUESTRA MISI\u00d3N<\/h3><p class=\"elementor-image-box-description\">Nuestra misi\u00f3n es potenciar la confianza, elegancia y proyecci\u00f3n profesional de cada\nclienta y estudiante, creando resultados naturales de lujo a trav\u00e9s de t\u00e9cnicas\navanzadas, productos certificados, protocolos profesionales y acompa\u00f1amiento\nespecializado.<\/p><\/div><\/div>\t\t\t\t<\/div>\n\t\t\t\t<\/div>\n\t\t\t\t<div class=\"elementor-element elementor-element-78939e1 elementor-widget__width-initial elementor-widget elementor-widget-image\" data-id=\"78939e1\" data-element_type=\"widget\" data-e-type=\"widget\" data-widget_type=\"image.default\">\n\t\t\t\t\t\t\t\t\t\t\t\t\t\t\t<img decoding=\"async\" width=\"637\" height=\"637\" src=\"https:\/\/sarisbeautyinstitute.com\/wp-content\/uploads\/2026\/03\/cerri.png\" class=\"attachment-large size-large wp-image-1129\" alt=\"\" srcset=\"https:\/\/sarisbeautyinstitute.com\/wp-content\/uploads\/2026\/03\/cerri.png 637w, https:\/\/sarisbeautyinstitute.com\/wp-content\/uploads\/2026\/03\/cerri-300x300.png 300w, https:\/\/sarisbeautyinstitute.com\/wp-content\/uploads\/2026\/03\/cerri-100x100.png 100w, https:\/\/sarisbeautyinstitute.com\/wp-content\/uploads\/2026\/03\/cerri-600x600.png 600w, https:\/\/sarisbeautyinstitute.com\/wp-content\/uploads\/2026\/03\/cerri-150x150.png 150w, https:\/\/sarisbeautyinstitute.com\/wp-content\/uploads\/2026\/03\/cerri-12x12.png 12w\" sizes=\"(max-width: 637px) 100vw, 637px\" \/>\t\t\t\t\t\t\t\t\t\t\t\t\t\t\t<\/div>\n\t\t\t\t<\/div>\n\t\t<div class=\"elementor-element elementor-element-8fd32f2 e-con-full e-flex e-con e-child\" data-id=\"8fd32f2\" data-element_type=\"container\" data-e-type=\"container\">\n\t\t\t\t<div class=\"elementor-element elementor-element-2a70830d elementor-widget elementor-widget-image\" data-id=\"2a70830d\" data-element_type=\"widget\" data-e-type=\"widget\" data-widget_type=\"image.default\">\n\t\t\t\t\t\t\t\t\t\t\t\t\t\t\t<img decoding=\"async\" width=\"1090\" height=\"1664\" src=\"https:\/\/sarisbeautyinstitute.com\/wp-content\/uploads\/2026\/03\/sarita.png\" class=\"attachment-full size-full wp-image-1139\" alt=\"\" srcset=\"https:\/\/sarisbeautyinstitute.com\/wp-content\/uploads\/2026\/03\/sarita.png 1090w, https:\/\/sarisbeautyinstitute.com\/wp-content\/uploads\/2026\/03\/sarita-600x916.png 600w, https:\/\/sarisbeautyinstitute.com\/wp-content\/uploads\/2026\/03\/sarita-197x300.png 197w, https:\/\/sarisbeautyinstitute.com\/wp-content\/uploads\/2026\/03\/sarita-671x1024.png 671w, https:\/\/sarisbeautyinstitute.com\/wp-content\/uploads\/2026\/03\/sarita-768x1172.png 768w, https:\/\/sarisbeautyinstitute.com\/wp-content\/uploads\/2026\/03\/sarita-1006x1536.png 1006w, https:\/\/sarisbeautyinstitute.com\/wp-content\/uploads\/2026\/03\/sarita-8x12.png 8w\" sizes=\"(max-width: 1090px) 100vw, 1090px\" \/>\t\t\t\t\t\t\t\t\t\t\t\t\t\t\t<\/div>\n\t\t\t\t<\/div>\n\t\t\t\t\t<\/div>\n\t\t\t\t<\/div>\n\t\t<div class=\"elementor-element elementor-element-967f412 elementor-hidden-mobile e-flex e-con-boxed e-con e-parent\" data-id=\"967f412\" data-element_type=\"container\" data-e-type=\"container\" data-settings=\"{&quot;background_background&quot;:&quot;classic&quot;}\">\n\t\t\t\t\t<div class=\"e-con-inner\">\n\t\t<div class=\"elementor-element elementor-element-2c83731 e-con-full e-flex e-con e-child\" data-id=\"2c83731\" data-element_type=\"container\" data-e-type=\"container\">\n\t\t\t\t<div class=\"elementor-element elementor-element-e63ecad elementor-widget__width-initial elementor-widget elementor-widget-image\" data-id=\"e63ecad\" data-element_type=\"widget\" data-e-type=\"widget\" data-widget_type=\"image.default\">\n\t\t\t\t\t\t\t\t\t\t\t\t\t\t\t<img decoding=\"async\" width=\"637\" height=\"637\" src=\"https:\/\/sarisbeautyinstitute.com\/wp-content\/uploads\/2026\/03\/cerri.png\" class=\"attachment-large size-large wp-image-1129\" alt=\"\" srcset=\"https:\/\/sarisbeautyinstitute.com\/wp-content\/uploads\/2026\/03\/cerri.png 637w, https:\/\/sarisbeautyinstitute.com\/wp-content\/uploads\/2026\/03\/cerri-300x300.png 300w, https:\/\/sarisbeautyinstitute.com\/wp-content\/uploads\/2026\/03\/cerri-100x100.png 100w, https:\/\/sarisbeautyinstitute.com\/wp-content\/uploads\/2026\/03\/cerri-600x600.png 600w, https:\/\/sarisbeautyinstitute.com\/wp-content\/uploads\/2026\/03\/cerri-150x150.png 150w, https:\/\/sarisbeautyinstitute.com\/wp-content\/uploads\/2026\/03\/cerri-12x12.png 12w\" sizes=\"(max-width: 637px) 100vw, 637px\" \/>\t\t\t\t\t\t\t\t\t\t\t\t\t\t\t<\/div>\n\t\t\t\t<\/div>\n\t\t<div class=\"elementor-element elementor-element-800fbe6 e-con-full e-flex e-con e-child\" data-id=\"800fbe6\" data-element_type=\"container\" data-e-type=\"container\">\n\t\t\t\t<div class=\"elementor-element elementor-element-295270e elementor-vertical-align-top elementor-vertical-align-middle elementor-widget__width-initial elementor-widget elementor-widget-image-box\" data-id=\"295270e\" data-element_type=\"widget\" data-e-type=\"widget\" data-widget_type=\"image-box.default\">\n\t\t\t\t\t<div class=\"elementor-image-box-wrapper\"><div class=\"elementor-image-box-content\"><h3 class=\"elementor-image-box-title\">NUESTRA VISI\u00d3N<\/h3><p class=\"elementor-image-box-description\">Posicionar a Sari\u2019s Beauty como el estudio de belleza premium l\u00edder en Queens, New\nYork, y como una academia luxury de referencia internacional, reconocida por su\nexcelente t\u00e9cnica, innovaci\u00f3n constante y formaci\u00f3n profesional de alto impacto.<\/p><\/div><\/div>\t\t\t\t<\/div>\n\t\t\t\t<div class=\"elementor-element elementor-element-b39a694 elementor-vertical-align-top elementor-vertical-align-middle elementor-widget elementor-widget-image-box\" data-id=\"b39a694\" data-element_type=\"widget\" data-e-type=\"widget\" data-widget_type=\"image-box.default\">\n\t\t\t\t\t<div class=\"elementor-image-box-wrapper\"><div class=\"elementor-image-box-content\"><h3 class=\"elementor-image-box-title\">NUESTRA MISI\u00d3N<\/h3><p class=\"elementor-image-box-description\">Nuestra misi\u00f3n es potenciar la confianza, elegancia y proyecci\u00f3n profesional de cada\nclienta y estudiante, creando resultados naturales de lujo a trav\u00e9s de t\u00e9cnicas\navanzadas, productos certificados, protocolos profesionales y acompa\u00f1amiento\nespecializado.<\/p><\/div><\/div>\t\t\t\t<\/div>\n\t\t\t\t<\/div>\n\t\t<div class=\"elementor-element elementor-element-aa11b3c e-con-full e-flex e-con e-child\" data-id=\"aa11b3c\" data-element_type=\"container\" data-e-type=\"container\">\n\t\t\t\t<div class=\"elementor-element elementor-element-44bdae8 elementor-widget elementor-widget-image\" data-id=\"44bdae8\" data-element_type=\"widget\" data-e-type=\"widget\" data-widget_type=\"image.default\">\n\t\t\t\t\t\t\t\t\t\t\t\t\t\t\t<img decoding=\"async\" width=\"1090\" height=\"1664\" src=\"https:\/\/sarisbeautyinstitute.com\/wp-content\/uploads\/2026\/03\/sarita.png\" class=\"attachment-full size-full wp-image-1139\" alt=\"\" srcset=\"https:\/\/sarisbeautyinstitute.com\/wp-content\/uploads\/2026\/03\/sarita.png 1090w, https:\/\/sarisbeautyinstitute.com\/wp-content\/uploads\/2026\/03\/sarita-600x916.png 600w, https:\/\/sarisbeautyinstitute.com\/wp-content\/uploads\/2026\/03\/sarita-197x300.png 197w, https:\/\/sarisbeautyinstitute.com\/wp-content\/uploads\/2026\/03\/sarita-671x1024.png 671w, https:\/\/sarisbeautyinstitute.com\/wp-content\/uploads\/2026\/03\/sarita-768x1172.png 768w, https:\/\/sarisbeautyinstitute.com\/wp-content\/uploads\/2026\/03\/sarita-1006x1536.png 1006w, https:\/\/sarisbeautyinstitute.com\/wp-content\/uploads\/2026\/03\/sarita-8x12.png 8w\" sizes=\"(max-width: 1090px) 100vw, 1090px\" \/>\t\t\t\t\t\t\t\t\t\t\t\t\t\t\t<\/div>\n\t\t\t\t<\/div>\n\t\t\t\t\t<\/div>\n\t\t\t\t<\/div>\n\t\t<div class=\"elementor-element elementor-element-0590412 e-flex e-con-boxed e-con e-parent\" data-id=\"0590412\" data-element_type=\"container\" data-e-type=\"container\" data-settings=\"{&quot;background_background&quot;:&quot;classic&quot;}\">\n\t\t\t\t\t<div class=\"e-con-inner\">\n\t\t\t\t<div class=\"elementor-element elementor-element-5956e08 elementor-widget elementor-widget-image-carousel\" data-id=\"5956e08\" data-element_type=\"widget\" data-e-type=\"widget\" data-settings=\"{&quot;slides_to_show&quot;:&quot;3&quot;,&quot;navigation&quot;:&quot;none&quot;,&quot;lazyload&quot;:&quot;yes&quot;,&quot;image_spacing_custom&quot;:{&quot;unit&quot;:&quot;px&quot;,&quot;size&quot;:54,&quot;sizes&quot;:[]},&quot;autoplay&quot;:&quot;yes&quot;,&quot;pause_on_hover&quot;:&quot;yes&quot;,&quot;pause_on_interaction&quot;:&quot;yes&quot;,&quot;autoplay_speed&quot;:5000,&quot;infinite&quot;:&quot;yes&quot;,&quot;speed&quot;:500,&quot;image_spacing_custom_tablet&quot;:{&quot;unit&quot;:&quot;px&quot;,&quot;size&quot;:&quot;&quot;,&quot;sizes&quot;:[]},&quot;image_spacing_custom_mobile&quot;:{&quot;unit&quot;:&quot;px&quot;,&quot;size&quot;:&quot;&quot;,&quot;sizes&quot;:[]}}\" data-widget_type=\"image-carousel.default\">\n\t\t\t\t\t\t\t<div class=\"elementor-image-carousel-wrapper swiper\" role=\"region\" aria-roledescription=\"carousel\" aria-label=\"Carrusel de im\u00e1genes\" dir=\"ltr\">\n\t\t\t<div class=\"elementor-image-carousel swiper-wrapper\" aria-live=\"off\">\n\t\t\t\t\t\t\t\t<div class=\"swiper-slide\" role=\"group\" aria-roledescription=\"slide\" aria-label=\"1 of 6\" data-no-translation-aria-label=\"\"><figure class=\"swiper-slide-inner\"><img class=\"swiper-slide-image swiper-lazy\" data-src=\"https:\/\/sarisbeautyinstitute.com\/wp-content\/uploads\/2026\/03\/1-1024x724.png\" alt=\"1\" \/><div class=\"swiper-lazy-preloader\"><\/div><\/figure><\/div><div class=\"swiper-slide\" role=\"group\" aria-roledescription=\"slide\" aria-label=\"2 of 6\" data-no-translation-aria-label=\"\"><figure class=\"swiper-slide-inner\"><img class=\"swiper-slide-image swiper-lazy\" data-src=\"https:\/\/sarisbeautyinstitute.com\/wp-content\/uploads\/2026\/03\/2-1024x724.png\" alt=\"2\" \/><div class=\"swiper-lazy-preloader\"><\/div><\/figure><\/div><div class=\"swiper-slide\" role=\"group\" aria-roledescription=\"slide\" aria-label=\"3 of 6\" data-no-translation-aria-label=\"\"><figure class=\"swiper-slide-inner\"><img class=\"swiper-slide-image swiper-lazy\" data-src=\"https:\/\/sarisbeautyinstitute.com\/wp-content\/uploads\/2026\/03\/3-1024x724.png\" alt=\"3\" \/><div class=\"swiper-lazy-preloader\"><\/div><\/figure><\/div><div class=\"swiper-slide\" role=\"group\" aria-roledescription=\"slide\" aria-label=\"4 of 6\" data-no-translation-aria-label=\"\"><figure class=\"swiper-slide-inner\"><img class=\"swiper-slide-image swiper-lazy\" data-src=\"https:\/\/sarisbeautyinstitute.com\/wp-content\/uploads\/2026\/03\/4-1024x724.png\" alt=\"4\" \/><div class=\"swiper-lazy-preloader\"><\/div><\/figure><\/div><div class=\"swiper-slide\" role=\"group\" aria-roledescription=\"slide\" aria-label=\"5 of 6\" data-no-translation-aria-label=\"\"><figure class=\"swiper-slide-inner\"><img class=\"swiper-slide-image swiper-lazy\" data-src=\"https:\/\/sarisbeautyinstitute.com\/wp-content\/uploads\/2026\/03\/5-1024x724.png\" alt=\"5\" \/><div class=\"swiper-lazy-preloader\"><\/div><\/figure><\/div><div class=\"swiper-slide\" role=\"group\" aria-roledescription=\"slide\" aria-label=\"6 of 6\" data-no-translation-aria-label=\"\"><figure class=\"swiper-slide-inner\"><img class=\"swiper-slide-image swiper-lazy\" data-src=\"https:\/\/sarisbeautyinstitute.com\/wp-content\/uploads\/2026\/03\/6-1024x724.png\" alt=\"6\" \/><div class=\"swiper-lazy-preloader\"><\/div><\/figure><\/div>\t\t\t<\/div>\n\t\t\t\t\t\t\t\n\t\t\t\t\t\t\t\t\t<\/div>\n\t\t\t\t\t\t<\/div>\n\t\t\t\t<div class=\"elementor-element elementor-element-35c64bb elementor-widget elementor-widget-spacer\" data-id=\"35c64bb\" data-element_type=\"widget\" data-e-type=\"widget\" data-widget_type=\"spacer.default\">\n\t\t\t\t\t\t\t<div class=\"elementor-spacer\">\n\t\t\t<div class=\"elementor-spacer-inner\"><\/div>\n\t\t<\/div>\n\t\t\t\t\t\t<\/div>\n\t\t\t\t\t<\/div>\n\t\t\t\t<\/div>\n\t\t<div class=\"elementor-element elementor-element-2c4d529 e-flex e-con-boxed e-con e-parent\" data-id=\"2c4d529\" data-element_type=\"container\" data-e-type=\"container\" data-settings=\"{&quot;background_background&quot;:&quot;classic&quot;}\">\n\t\t\t\t\t<div class=\"e-con-inner\">\n\t\t\t\t<div class=\"elementor-element elementor-element-124c3e0 elementor-widget elementor-widget-html\" data-id=\"124c3e0\" data-element_type=\"widget\" data-e-type=\"widget\" data-widget_type=\"html.default\">\n\t\t\t\t\t<iframe src=\"https:\/\/www.google.com\/maps\/embed?pb=!1m18!1m12!1m3!1d3024.0566950790803!2d-73.8338575!3d40.71676840000001!2m3!1f0!2f0!3f0!3m2!1i1024!2i768!4f13.1!3m3!1m2!1s0x89c25f558560a37d%3A0x414b1b8b1a45f779!2sSARIS%20BEAUTY!5e0!3m2!1ses!2sco!4v1773628365373!5m2!1ses!2sco\" width=\"100%\" height=\"450\" style=\"border:0;\" allowfullscreen=\"\" loading=\"lazy\" referrerpolicy=\"no-referrer-when-downgrade\"><\/iframe>\t\t\t\t<\/div>\n\t\t\t\t\t<\/div>\n\t\t\t\t<\/div>\n\t\t\t\t<\/div>","protected":false},"excerpt":{"rendered":"<p>Aqui el talento se perfecciona a excelencia se convierte en identidad y los profesionales se transforman en l\u00edderes que dejan [&hellip;]<\/p>\n","protected":false},"author":1,"featured_media":0,"parent":0,"menu_order":0,"comment_status":"closed","ping_status":"closed","template":"","meta":{"site-sidebar-layout":"no-sidebar","site-content-layout":"","ast-site-content-layout":"full-width-container","site-content-style":"default","site-sidebar-style":"default","ast-global-header-display":"","ast-banner-title-visibility":"","ast-main-header-display":"","ast-hfb-above-header-display":"","ast-hfb-below-header-display":"","ast-hfb-mobile-header-display":"","site-post-title":"","ast-breadcrumbs-content":"","ast-featured-img":"disabled","footer-sml-layout":"","ast-disable-related-posts":"","theme-transparent-header-meta":"","adv-header-id-meta":"","stick-header-meta":"","header-above-stick-meta":"","header-main-stick-meta":"","header-below-stick-meta":"","astra-migrate-meta-layouts":"default","ast-page-background-enabled":"default","ast-page-background-meta":{"desktop":{"background-color":"var(--ast-global-color-5)","background-image":"","background-repeat":"repeat","background-position":"center center","background-size":"auto","background-attachment":"scroll","background-type":"","background-media":"","overlay-type":"","overlay-color":"","overlay-opacity":"","overlay-gradient":""},"tablet":{"background-color":"","background-image":"","background-repeat":"repeat","background-position":"center center","background-size":"auto","background-attachment":"scroll","background-type":"","background-media":"","overlay-type":"","overlay-color":"","overlay-opacity":"","overlay-gradient":""},"mobile":{"background-color":"","background-image":"","background-repeat":"repeat","background-position":"center center","background-size":"auto","background-attachment":"scroll","background-type":"","background-media":"","overlay-type":"","overlay-color":"","overlay-opacity":"","overlay-gradient":""}},"ast-content-background-meta":{"desktop":{"background-color":"var(--ast-global-color-4)","background-image":"","background-repeat":"repeat","background-position":"center center","background-size":"auto","background-attachment":"scroll","background-type":"","background-media":"","overlay-type":"","overlay-color":"","overlay-opacity":"","overlay-gradient":""},"tablet":{"background-color":"var(--ast-global-color-4)","background-image":"","background-repeat":"repeat","background-position":"center center","background-size":"auto","background-attachment":"scroll","background-type":"","background-media":"","overlay-type":"","overlay-color":"","overlay-opacity":"","overlay-gradient":""},"mobile":{"background-color":"var(--ast-global-color-4)","background-image":"","background-repeat":"repeat","background-position":"center center","background-size":"auto","background-attachment":"scroll","background-type":"","background-media":"","overlay-type":"","overlay-color":"","overlay-opacity":"","overlay-gradient":""}},"footnotes":""},"class_list":["post-465","page","type-page","status-publish","hentry"],"_hostinger_reach_plugin_has_subscription_block":false,"_hostinger_reach_plugin_is_elementor":false,"_links":{"self":[{"href":"https:\/\/sarisbeautyinstitute.com\/en\/wp-json\/wp\/v2\/pages\/465","targetHints":{"allow":["GET"]}}],"collection":[{"href":"https:\/\/sarisbeautyinstitute.com\/en\/wp-json\/wp\/v2\/pages"}],"about":[{"href":"https:\/\/sarisbeautyinstitute.com\/en\/wp-json\/wp\/v2\/types\/page"}],"author":[{"embeddable":true,"href":"https:\/\/sarisbeautyinstitute.com\/en\/wp-json\/wp\/v2\/users\/1"}],"replies":[{"embeddable":true,"href":"https:\/\/sarisbeautyinstitute.com\/en\/wp-json\/wp\/v2\/comments?post=465"}],"version-history":[{"count":85,"href":"https:\/\/sarisbeautyinstitute.com\/en\/wp-json\/wp\/v2\/pages\/465\/revisions"}],"predecessor-version":[{"id":1253,"href":"https:\/\/sarisbeautyinstitute.com\/en\/wp-json\/wp\/v2\/pages\/465\/revisions\/1253"}],"wp:attachment":[{"href":"https:\/\/sarisbeautyinstitute.com\/en\/wp-json\/wp\/v2\/media?parent=465"}],"curies":[{"name":"wp","href":"https:\/\/api.w.org\/{rel}","templated":true}]}}